{"id":10148,"date":"2025-11-20T14:00:04","date_gmt":"2025-11-20T13:00:04","guid":{"rendered":"https:\/\/wfg-kassel.de\/?page_id=10148"},"modified":"2025-11-20T14:48:41","modified_gmt":"2025-11-20T13:48:41","slug":"third","status":"publish","type":"page","link":"https:\/\/wfg-kassel.de\/en\/datenschutz\/dritte\/","title":{"rendered":"Data protection information for third parties"},"content":{"rendered":"<div data-elementor-type=\"wp-page\" data-elementor-id=\"10148\" class=\"elementor elementor-10148\" data-elementor-post-type=\"page\">\n\t\t\t\t<div class=\"elementor-element elementor-element-14da32eb e-flex e-con-boxed e-con e-parent\" data-id=\"14da32eb\" data-element_type=\"container\" data-e-type=\"container\">\n\t\t\t\t\t<div class=\"e-con-inner\">\n\t\t\t\t<div class=\"elementor-element elementor-element-db4491a elementor-widget elementor-widget-wfg-text-editor\" data-id=\"db4491a\" data-element_type=\"widget\" data-e-type=\"widget\" data-widget_type=\"wfg-text-editor.default\">\n\t\t\t\t<div class=\"elementor-widget-container\">\n\t\t\t\t\t\t\t\t\t<h1>Data protection information for third parties (as at 10\/2025)<\/h1>\t\t\t\t\t\t\t\t<\/div>\n\t\t\t\t<\/div>\n\t\t\t\t\t<\/div>\n\t\t\t\t<\/div>\n\t\t<div class=\"elementor-element elementor-element-584d2a77 e-flex e-con-boxed e-con e-parent\" data-id=\"584d2a77\" data-element_type=\"container\" data-e-type=\"container\">\n\t\t\t\t\t<div class=\"e-con-inner\">\n\t\t\t\t<div class=\"elementor-element elementor-element-70892ca elementor-widget elementor-widget-wfg-text-editor\" data-id=\"70892ca\" data-element_type=\"widget\" data-e-type=\"widget\" data-widget_type=\"wfg-text-editor.default\">\n\t\t\t\t<div class=\"elementor-widget-container\">\n\t\t\t\t\t\t\t\t\t<p class=\"aufmachertext\">The following information shows how we handle your data:<\/p>\t\t\t\t\t\t\t\t<\/div>\n\t\t\t\t<\/div>\n\t\t\t\t\t<\/div>\n\t\t\t\t<\/div>\n\t\t<div class=\"elementor-element elementor-element-5603979 e-flex e-con-boxed e-con e-parent\" data-id=\"5603979\" data-element_type=\"container\" data-e-type=\"container\">\n\t\t\t\t\t<div class=\"e-con-inner\">\n\t\t\t\t<div class=\"elementor-element elementor-element-f1a7481 elementor-widget elementor-widget-wfg-text-editor\" data-id=\"f1a7481\" data-element_type=\"widget\" data-e-type=\"widget\" data-widget_type=\"wfg-text-editor.default\">\n\t\t\t\t<div class=\"elementor-widget-container\">\n\t\t\t\t\t\t\t\t\t<h2>1. person responsible for data processing<\/h2>\t\t\t\t\t\t\t\t<\/div>\n\t\t\t\t<\/div>\n\t\t\t\t\t<\/div>\n\t\t\t\t<\/div>\n\t\t<div class=\"elementor-element elementor-element-7f85215 e-flex e-con-boxed e-con e-parent\" data-id=\"7f85215\" data-element_type=\"container\" data-e-type=\"container\">\n\t\t\t\t\t<div class=\"e-con-inner\">\n\t\t\t\t<div class=\"elementor-element elementor-element-3911cf8 elementor-widget elementor-widget-wfg-text-editor\" data-id=\"3911cf8\" data-element_type=\"widget\" data-e-type=\"widget\" data-widget_type=\"wfg-text-editor.default\">\n\t\t\t\t<div class=\"elementor-widget-container\">\n\t\t\t\t\t\t\t\t\t<p><strong>Wirtschaftsf\u00f6rderung Region Kassel GmbH<\/strong><br \/>Kurf\u00fcrstenstrasse 9<br \/>34117 Kassel<\/p>\n<p>Phone: <a href=\"tel:+49 561 7073350\">+49 561 7073350<\/a><br \/>E-Mail: <a href=\"mailto:info@wfg-kassel.de\">info@wfg-kassel.de<\/a><\/p>\n<p>If you have any questions about data protection, please contact us at any time using the above contact details.<\/p>\t\t\t\t\t\t\t\t<\/div>\n\t\t\t\t<\/div>\n\t\t\t\t\t<\/div>\n\t\t\t\t<\/div>\n\t\t<div class=\"elementor-element elementor-element-c30b969 e-flex e-con-boxed e-con e-parent\" data-id=\"c30b969\" data-element_type=\"container\" data-e-type=\"container\">\n\t\t\t\t\t<div class=\"e-con-inner\">\n\t\t\t\t<div class=\"elementor-element elementor-element-5917dd3 elementor-widget elementor-widget-wfg-text-editor\" data-id=\"5917dd3\" data-element_type=\"widget\" data-e-type=\"widget\" data-widget_type=\"wfg-text-editor.default\">\n\t\t\t\t<div class=\"elementor-widget-container\">\n\t\t\t\t\t\t\t\t\t<h2>2. purpose and legal basis of data processing<\/h2>\t\t\t\t\t\t\t\t<\/div>\n\t\t\t\t<\/div>\n\t\t\t\t\t<\/div>\n\t\t\t\t<\/div>\n\t\t<div class=\"elementor-element elementor-element-6398e61 e-flex e-con-boxed e-con e-parent\" data-id=\"6398e61\" data-element_type=\"container\" data-e-type=\"container\">\n\t\t\t\t\t<div class=\"e-con-inner\">\n\t\t\t\t<div class=\"elementor-element elementor-element-d7a36dc elementor-widget elementor-widget-wfg-text-editor\" data-id=\"d7a36dc\" data-element_type=\"widget\" data-e-type=\"widget\" data-widget_type=\"wfg-text-editor.default\">\n\t\t\t\t<div class=\"elementor-widget-container\">\n\t\t\t\t\t\t\t\t\t<p>We carry out the following data processing on the basis of our legitimate interest <a href=\"https:\/\/www.datenschutz-manager-24.de\/dsgvo\/art-6-dsgvo\/\">Art. 6 para. 1 lit. f GDPR<\/a> for the organization of our business operations:<\/p>\n<ul>\n<li>If you contact us and no contract has been initiated.<\/li>\n<li>You were named to us as a contact person as part of our services.<\/li>\n<\/ul>\n<p>If the data processing is required to fulfill a legal obligation, the data processing takes place on the basis of <a href=\"https:\/\/www.datenschutz-manager-24.de\/dsgvo\/art-6-dsgvo\/\">Art. 6 para. 2 lit. c GDPR<\/a> takes place.<\/p>\n<p>We process the following categories of personal data:<\/p>\n<ul>\n<li>Names<\/li>\n<li>Addresses<\/li>\n<li>Contact details<\/li>\n<li>Other data that you provide to us when you contact us or that is required for processing the transaction.<\/li>\n<\/ul>\n<p>Without the provision of the data, we cannot process your request or the transaction. The data will be deleted after the standard limitation period according to \u00a7 195 BGB (German Civil Code) has expired. This is 3 years.<\/p>\t\t\t\t\t\t\t\t<\/div>\n\t\t\t\t<\/div>\n\t\t\t\t\t<\/div>\n\t\t\t\t<\/div>\n\t\t<div class=\"elementor-element elementor-element-cd0a23d e-flex e-con-boxed e-con e-parent\" data-id=\"cd0a23d\" data-element_type=\"container\" data-e-type=\"container\">\n\t\t\t\t\t<div class=\"e-con-inner\">\n\t\t\t\t<div class=\"elementor-element elementor-element-4e51331 elementor-widget elementor-widget-wfg-text-editor\" data-id=\"4e51331\" data-element_type=\"widget\" data-e-type=\"widget\" data-widget_type=\"wfg-text-editor.default\">\n\t\t\t\t<div class=\"elementor-widget-container\">\n\t\t\t\t\t\t\t\t\t<h2>3. recipients of personal data<\/h2>\t\t\t\t\t\t\t\t<\/div>\n\t\t\t\t<\/div>\n\t\t\t\t\t<\/div>\n\t\t\t\t<\/div>\n\t\t<div class=\"elementor-element elementor-element-e2635f1 e-flex e-con-boxed e-con e-parent\" data-id=\"e2635f1\" data-element_type=\"container\" data-e-type=\"container\">\n\t\t\t\t\t<div class=\"e-con-inner\">\n\t\t\t\t<div class=\"elementor-element elementor-element-c2cfe7e elementor-widget elementor-widget-wfg-text-editor\" data-id=\"c2cfe7e\" data-element_type=\"widget\" data-e-type=\"widget\" data-widget_type=\"wfg-text-editor.default\">\n\t\t\t\t<div class=\"elementor-widget-container\">\n\t\t\t\t\t\t\t\t\t<p>We only pass on your data to third parties if this is necessary to fulfill the purpose. Furthermore, data may be passed on on the basis of legal regulations in accordance with <a href=\"https:\/\/www.datenschutz-manager-24.de\/dsgvo\/art-6-dsgvo\/\">Art. 6 para. 1 lit. c and e GDPR<\/a> to authorities.<\/p>\n<p>Data is passed on to our external tax consultant to the extent necessary for our accounting, payroll accounting, the preparation of balance sheets and other tax matters. In addition, in various cases we use processors in accordance with <a href=\"https:\/\/www.datenschutz-manager-24.de\/dsgvo\/art-28-dsgvo\/\">Art. 28 GDPR<\/a> who may receive data from us or have access to your data in connection with their services. In this context, data may also be transferred outside the EU. We ensure that there is either an EU adequacy decision for the destination country in question in accordance with Art. <a href=\"https:\/\/www.datenschutz-manager-24.de\/dsgvo\/art-45-dsgvo\/\">Art. 45 GDPR<\/a> or we have concluded a contract with the relevant service providers on the basis of the standard data protection clauses in accordance with <a href=\"https:\/\/www.datenschutz-manager-24.de\/dsgvo\/art-46-dsgvo\/\">Art. 46 para. 2 lit. c GDPR<\/a> concluded. You can find them here: <a href=\"https:\/\/commission.europa.eu\/publications\/standard-contractual-clauses-international-transfers_de\">https:\/\/commission.europa.eu\/publications\/standard-contractual-clauses-international-transfers_de<\/a><\/p>\t\t\t\t\t\t\t\t<\/div>\n\t\t\t\t<\/div>\n\t\t\t\t\t<\/div>\n\t\t\t\t<\/div>\n\t\t<div class=\"elementor-element elementor-element-778fa5f e-flex e-con-boxed e-con e-parent\" data-id=\"778fa5f\" data-element_type=\"container\" data-e-type=\"container\">\n\t\t\t\t\t<div class=\"e-con-inner\">\n\t\t\t\t<div class=\"elementor-element elementor-element-b66b298 elementor-widget elementor-widget-wfg-text-editor\" data-id=\"b66b298\" data-element_type=\"widget\" data-e-type=\"widget\" data-widget_type=\"wfg-text-editor.default\">\n\t\t\t\t<div class=\"elementor-widget-container\">\n\t\t\t\t\t\t\t\t\t<h2>4. your rights<\/h2>\t\t\t\t\t\t\t\t<\/div>\n\t\t\t\t<\/div>\n\t\t\t\t\t<\/div>\n\t\t\t\t<\/div>\n\t\t<div class=\"elementor-element elementor-element-fddbb0f e-flex e-con-boxed e-con e-parent\" data-id=\"fddbb0f\" data-element_type=\"container\" data-e-type=\"container\">\n\t\t\t\t\t<div class=\"e-con-inner\">\n\t\t\t\t<div class=\"elementor-element elementor-element-c21359c elementor-widget elementor-widget-wfg-text-editor\" data-id=\"c21359c\" data-element_type=\"widget\" data-e-type=\"widget\" data-widget_type=\"wfg-text-editor.default\">\n\t\t\t\t<div class=\"elementor-widget-container\">\n\t\t\t\t\t\t\t\t\t<p>You have the following rights vis-\u00e0-vis us with regard to your personal data:<\/p>\n<ul>\n<li>Right to information (Art. <a href=\"https:\/\/www.datenschutz-manager-24.de\/dsgvo\/art-15-dsgvo\/\">15 GDPR<\/a>)<\/li>\n<li>Right to rectification (Art. <a href=\"https:\/\/www.datenschutz-manager-24.de\/dsgvo\/art-16-dsgvo\/\">16 GDPR<\/a>)<\/li>\n<li>Right to erasure (Art. <a href=\"https:\/\/www.datenschutz-manager-24.de\/dsgvo\/art-17-dsgvo\/\">17 GDPR<\/a>)<\/li>\n<li>Right to restriction of processing (Art. <a href=\"https:\/\/www.datenschutz-manager-24.de\/dsgvo\/art-18-dsgvo\/\">18 GDPR<\/a>)<\/li>\n<li>Right to data portability (Art. <a href=\"https:\/\/www.datenschutz-manager-24.de\/dsgvo\/art-20-dsgvo\/\">20 GDPR<\/a>)<\/li>\n<li>Right to object to processing (Art. <a href=\"https:\/\/www.datenschutz-manager-24.de\/dsgvo\/art-21-dsgvo\/\">21 GDPR<\/a>)<\/li>\n<li>Right to withdraw consent (Art. <a href=\"https:\/\/www.datenschutz-manager-24.de\/dsgvo\/art-7-dsgvo\/\">7 para. 3 GDPR<\/a>)<\/li>\n<li>Right to lodge a complaint with a data protection supervisory authority (Art. <a href=\"https:\/\/www.datenschutz-manager-24.de\/dsgvo\/art-77-dsgvo\/\">77 GDPR<\/a>)<\/li>\n<\/ul>\t\t\t\t\t\t\t\t<\/div>\n\t\t\t\t<\/div>\n\t\t\t\t\t<\/div>\n\t\t\t\t<\/div>\n\t\t<div class=\"elementor-element elementor-element-228f563 e-flex e-con-boxed e-con e-parent\" data-id=\"228f563\" data-element_type=\"container\" data-e-type=\"container\">\n\t\t\t\t\t<div class=\"e-con-inner\">\n\t\t\t\t<div class=\"elementor-element elementor-element-e8f4971 elementor-widget elementor-widget-wfg-text-editor\" data-id=\"e8f4971\" data-element_type=\"widget\" data-e-type=\"widget\" data-widget_type=\"wfg-text-editor.default\">\n\t\t\t\t<div class=\"elementor-widget-container\">\n\t\t\t\t\t\t\t\t\t<h2>5. data protection officer<\/h2>\t\t\t\t\t\t\t\t<\/div>\n\t\t\t\t<\/div>\n\t\t\t\t\t<\/div>\n\t\t\t\t<\/div>\n\t\t<div class=\"elementor-element elementor-element-a9e0829 e-flex e-con-boxed e-con e-parent\" data-id=\"a9e0829\" data-element_type=\"container\" data-e-type=\"container\">\n\t\t\t\t\t<div class=\"e-con-inner\">\n\t\t\t\t<div class=\"elementor-element elementor-element-398c37a elementor-widget elementor-widget-wfg-text-editor\" data-id=\"398c37a\" data-element_type=\"widget\" data-e-type=\"widget\" data-widget_type=\"wfg-text-editor.default\">\n\t\t\t\t<div class=\"elementor-widget-container\">\n\t\t\t\t\t\t\t\t\t<p>We have appointed an external data protection officer:<\/p>\n<p><strong>Stefan Pietsch<br \/><\/strong>Pietsch IT GmbH<br \/>Wilhelmsh\u00f6her Street 1<br \/>34590 Wabern<\/p>\n<p>Tel: <a href=\"tel:+495683-923440\">+495683-923440<\/a><br \/>E-Mail: <a href=\"mailto:datenschutz@pietsch-it.de\">datenschutz@pietsch-it.de<\/a> <br \/>Internet: <a href=\"https:\/\/www.pietsch-it.de\">www.pietsch-it.de<\/a><\/p>\t\t\t\t\t\t\t\t<\/div>\n\t\t\t\t<\/div>\n\t\t\t\t\t<\/div>\n\t\t\t\t<\/div>\n\t\t<div class=\"elementor-element elementor-element-82c978d e-flex e-con-boxed e-con e-parent\" data-id=\"82c978d\" data-element_type=\"container\" data-e-type=\"container\">\n\t\t\t\t\t<div class=\"e-con-inner\">\n\t\t\t\t<div class=\"elementor-element elementor-element-e5edf16 elementor-widget elementor-widget-wfg-text-editor\" data-id=\"e5edf16\" data-element_type=\"widget\" data-e-type=\"widget\" data-widget_type=\"wfg-text-editor.default\">\n\t\t\t\t<div class=\"elementor-widget-container\">\n\t\t\t\t\t\t\t\t\t<h2>6. topicality and amendment of this data protection information<\/h2>\t\t\t\t\t\t\t\t<\/div>\n\t\t\t\t<\/div>\n\t\t\t\t\t<\/div>\n\t\t\t\t<\/div>\n\t\t<div class=\"elementor-element elementor-element-aece263 e-flex e-con-boxed e-con e-parent\" data-id=\"aece263\" data-element_type=\"container\" data-e-type=\"container\">\n\t\t\t\t\t<div class=\"e-con-inner\">\n\t\t\t\t<div class=\"elementor-element elementor-element-7a3aa2b elementor-widget elementor-widget-wfg-text-editor\" data-id=\"7a3aa2b\" data-element_type=\"widget\" data-e-type=\"widget\" data-widget_type=\"wfg-text-editor.default\">\n\t\t\t\t<div class=\"elementor-widget-container\">\n\t\t\t\t\t\t\t\t\t<p>This data protection information is currently valid (see status in the heading). It may become necessary to amend this data protection information as a result of the further development of our services or due to changes in legal or official requirements.<\/p>\t\t\t\t\t\t\t\t<\/div>\n\t\t\t\t<\/div>\n\t\t\t\t\t<\/div>\n\t\t\t\t<\/div>\n\t\t\t\t<\/div>","protected":false},"excerpt":{"rendered":"<p>Datenschutzinformation f\u00fcr Dritte (Stand 10\/2025) Die nachfolgenden Informationen zeigen, wie wir mit Ihren Daten umgehen: 1. Verantwortlicher f\u00fcr die Datenverarbeitung Wirtschaftsf\u00f6rderung Region Kassel GmbHKurf\u00fcrstenstra\u00dfe 934117 Kassel Telefon: +49 561 7073350E-Mail: info@wfg-kassel.de Bei Fragen rund um den Datenschutz wenden Sie sich gern jederzeit \u00fcber die vorgenannten Kontaktdaten an uns. 2. Zweck und Rechtsgrundlage der Datenverarbeitung Folgende [&hellip;]<\/p>\n","protected":false},"author":3,"featured_media":0,"parent":5773,"menu_order":0,"comment_status":"closed","ping_status":"closed","template":"","meta":{"_acf_changed":false,"footnotes":""},"class_list":["post-10148","page","type-page","status-publish","hentry"],"acf":[],"yoast_head":"<!-- This site is optimized with the Yoast SEO plugin v27.4 - https:\/\/yoast.com\/product\/yoast-seo-wordpress\/ -->\n<title>Datenschutzinformation f\u00fcr Dritte<\/title>\n<meta name=\"description\" content=\"Alle relevanten Informationen zu unserem Umgang mit Daten und dem Datenschutz f\u00fcr Dritte sind auf dieser Themenunterseite zu finden.\" \/>\n<meta name=\"robots\" content=\"index, follow, max-snippet:-1, max-image-preview:large, max-video-preview:-1\" \/>\n<link rel=\"canonical\" href=\"https:\/\/wfg-kassel.de\/en\/data-protection\/third\/\" \/>\n<meta property=\"og:locale\" content=\"en_US\" \/>\n<meta property=\"og:type\" content=\"article\" \/>\n<meta property=\"og:title\" content=\"Datenschutzinformation f\u00fcr Dritte\" \/>\n<meta property=\"og:description\" content=\"Alle relevanten Informationen zu unserem Umgang mit Daten und dem Datenschutz f\u00fcr Dritte sind auf dieser Themenunterseite zu finden.\" \/>\n<meta property=\"og:url\" content=\"https:\/\/wfg-kassel.de\/en\/data-protection\/third\/\" \/>\n<meta property=\"og:site_name\" content=\"Wirtschaftsf\u00f6rderung Region Kassel\" \/>\n<meta property=\"article:modified_time\" content=\"2025-11-20T13:48:41+00:00\" \/>\n<meta name=\"twitter:card\" content=\"summary_large_image\" \/>\n<meta name=\"twitter:label1\" content=\"Est. reading time\" \/>\n\t<meta name=\"twitter:data1\" content=\"3 minutes\" \/>\n<script type=\"application\/ld+json\" class=\"yoast-schema-graph\">{\"@context\":\"https:\\\/\\\/schema.org\",\"@graph\":[{\"@type\":\"WebPage\",\"@id\":\"https:\\\/\\\/wfg-kassel.de\\\/datenschutz\\\/dritte\\\/\",\"url\":\"https:\\\/\\\/wfg-kassel.de\\\/datenschutz\\\/dritte\\\/\",\"name\":\"Datenschutzinformation f\u00fcr Dritte\",\"isPartOf\":{\"@id\":\"https:\\\/\\\/wfg-kassel.de\\\/#website\"},\"datePublished\":\"2025-11-20T13:00:04+00:00\",\"dateModified\":\"2025-11-20T13:48:41+00:00\",\"description\":\"Alle relevanten Informationen zu unserem Umgang mit Daten und dem Datenschutz f\u00fcr Dritte sind auf dieser Themenunterseite zu finden.\",\"breadcrumb\":{\"@id\":\"https:\\\/\\\/wfg-kassel.de\\\/datenschutz\\\/dritte\\\/#breadcrumb\"},\"inLanguage\":\"en-US\",\"potentialAction\":[{\"@type\":\"ReadAction\",\"target\":[\"https:\\\/\\\/wfg-kassel.de\\\/datenschutz\\\/dritte\\\/\"]}]},{\"@type\":\"BreadcrumbList\",\"@id\":\"https:\\\/\\\/wfg-kassel.de\\\/datenschutz\\\/dritte\\\/#breadcrumb\",\"itemListElement\":[{\"@type\":\"ListItem\",\"position\":1,\"name\":\"Startseite\",\"item\":\"https:\\\/\\\/wfg-kassel.de\\\/\"},{\"@type\":\"ListItem\",\"position\":2,\"name\":\"Datenschutzinformation\",\"item\":\"https:\\\/\\\/wfg-kassel.de\\\/datenschutz\\\/\"},{\"@type\":\"ListItem\",\"position\":3,\"name\":\"Datenschutzinformation f\u00fcr Dritte\"}]},{\"@type\":\"WebSite\",\"@id\":\"https:\\\/\\\/wfg-kassel.de\\\/#website\",\"url\":\"https:\\\/\\\/wfg-kassel.de\\\/\",\"name\":\"Wirtschaftsf\u00f6rderung Region Kassel\",\"description\":\"\",\"publisher\":{\"@id\":\"https:\\\/\\\/wfg-kassel.de\\\/#organization\"},\"potentialAction\":[{\"@type\":\"SearchAction\",\"target\":{\"@type\":\"EntryPoint\",\"urlTemplate\":\"https:\\\/\\\/wfg-kassel.de\\\/?s={search_term_string}\"},\"query-input\":{\"@type\":\"PropertyValueSpecification\",\"valueRequired\":true,\"valueName\":\"search_term_string\"}}],\"inLanguage\":\"en-US\"},{\"@type\":\"Organization\",\"@id\":\"https:\\\/\\\/wfg-kassel.de\\\/#organization\",\"name\":\"Wirtschaftsf\u00f6rderung Region Kassel\",\"url\":\"https:\\\/\\\/wfg-kassel.de\\\/\",\"logo\":{\"@type\":\"ImageObject\",\"inLanguage\":\"en-US\",\"@id\":\"https:\\\/\\\/wfg-kassel.de\\\/#\\\/schema\\\/logo\\\/image\\\/\",\"url\":\"https:\\\/\\\/wfg-kassel.de\\\/wp-content\\\/uploads\\\/2024\\\/02\\\/logo_wfg.svg\",\"contentUrl\":\"https:\\\/\\\/wfg-kassel.de\\\/wp-content\\\/uploads\\\/2024\\\/02\\\/logo_wfg.svg\",\"width\":339,\"height\":90,\"caption\":\"Wirtschaftsf\u00f6rderung Region Kassel\"},\"image\":{\"@id\":\"https:\\\/\\\/wfg-kassel.de\\\/#\\\/schema\\\/logo\\\/image\\\/\"}}]}<\/script>\n<!-- \/ Yoast SEO plugin. -->","yoast_head_json":{"title":"Data protection information for third parties","description":"All relevant information on our handling of data and data protection for third parties can be found on this topic subpage.","robots":{"index":"index","follow":"follow","max-snippet":"max-snippet:-1","max-image-preview":"max-image-preview:large","max-video-preview":"max-video-preview:-1"},"canonical":"https:\/\/wfg-kassel.de\/en\/data-protection\/third\/","og_locale":"en_US","og_type":"article","og_title":"Datenschutzinformation f\u00fcr Dritte","og_description":"Alle relevanten Informationen zu unserem Umgang mit Daten und dem Datenschutz f\u00fcr Dritte sind auf dieser Themenunterseite zu finden.","og_url":"https:\/\/wfg-kassel.de\/en\/data-protection\/third\/","og_site_name":"Wirtschaftsf\u00f6rderung Region Kassel","article_modified_time":"2025-11-20T13:48:41+00:00","twitter_card":"summary_large_image","twitter_misc":{"Est. reading time":"3 minutes"},"schema":{"@context":"https:\/\/schema.org","@graph":[{"@type":"WebPage","@id":"https:\/\/wfg-kassel.de\/datenschutz\/dritte\/","url":"https:\/\/wfg-kassel.de\/datenschutz\/dritte\/","name":"Data protection information for third parties","isPartOf":{"@id":"https:\/\/wfg-kassel.de\/#website"},"datePublished":"2025-11-20T13:00:04+00:00","dateModified":"2025-11-20T13:48:41+00:00","description":"All relevant information on our handling of data and data protection for third parties can be found on this topic subpage.","breadcrumb":{"@id":"https:\/\/wfg-kassel.de\/datenschutz\/dritte\/#breadcrumb"},"inLanguage":"en-US","potentialAction":[{"@type":"ReadAction","target":["https:\/\/wfg-kassel.de\/datenschutz\/dritte\/"]}]},{"@type":"BreadcrumbList","@id":"https:\/\/wfg-kassel.de\/datenschutz\/dritte\/#breadcrumb","itemListElement":[{"@type":"ListItem","position":1,"name":"Startseite","item":"https:\/\/wfg-kassel.de\/"},{"@type":"ListItem","position":2,"name":"Datenschutzinformation","item":"https:\/\/wfg-kassel.de\/datenschutz\/"},{"@type":"ListItem","position":3,"name":"Datenschutzinformation f\u00fcr Dritte"}]},{"@type":"WebSite","@id":"https:\/\/wfg-kassel.de\/#website","url":"https:\/\/wfg-kassel.de\/","name":"Wirtschaftsf\u00f6rderung Region Kassel","description":"","publisher":{"@id":"https:\/\/wfg-kassel.de\/#organization"},"potentialAction":[{"@type":"SearchAction","target":{"@type":"EntryPoint","urlTemplate":"https:\/\/wfg-kassel.de\/?s={search_term_string}"},"query-input":{"@type":"PropertyValueSpecification","valueRequired":true,"valueName":"search_term_string"}}],"inLanguage":"en-US"},{"@type":"Organization","@id":"https:\/\/wfg-kassel.de\/#organization","name":"Wirtschaftsf\u00f6rderung Region Kassel","url":"https:\/\/wfg-kassel.de\/","logo":{"@type":"ImageObject","inLanguage":"en-US","@id":"https:\/\/wfg-kassel.de\/#\/schema\/logo\/image\/","url":"https:\/\/wfg-kassel.de\/wp-content\/uploads\/2024\/02\/logo_wfg.svg","contentUrl":"https:\/\/wfg-kassel.de\/wp-content\/uploads\/2024\/02\/logo_wfg.svg","width":339,"height":90,"caption":"Wirtschaftsf\u00f6rderung Region Kassel"},"image":{"@id":"https:\/\/wfg-kassel.de\/#\/schema\/logo\/image\/"}}]}},"_links":{"self":[{"href":"https:\/\/wfg-kassel.de\/en\/wp-json\/wp\/v2\/pages\/10148","targetHints":{"allow":["GET"]}}],"collection":[{"href":"https:\/\/wfg-kassel.de\/en\/wp-json\/wp\/v2\/pages"}],"about":[{"href":"https:\/\/wfg-kassel.de\/en\/wp-json\/wp\/v2\/types\/page"}],"author":[{"embeddable":true,"href":"https:\/\/wfg-kassel.de\/en\/wp-json\/wp\/v2\/users\/3"}],"replies":[{"embeddable":true,"href":"https:\/\/wfg-kassel.de\/en\/wp-json\/wp\/v2\/comments?post=10148"}],"version-history":[{"count":5,"href":"https:\/\/wfg-kassel.de\/en\/wp-json\/wp\/v2\/pages\/10148\/revisions"}],"predecessor-version":[{"id":10225,"href":"https:\/\/wfg-kassel.de\/en\/wp-json\/wp\/v2\/pages\/10148\/revisions\/10225"}],"up":[{"embeddable":true,"href":"https:\/\/wfg-kassel.de\/en\/wp-json\/wp\/v2\/pages\/5773"}],"wp:attachment":[{"href":"https:\/\/wfg-kassel.de\/en\/wp-json\/wp\/v2\/media?parent=10148"}],"curies":[{"name":"wp","href":"https:\/\/api.w.org\/{rel}","templated":true}]}}