{"id":10151,"date":"2025-11-20T14:00:24","date_gmt":"2025-11-20T13:00:24","guid":{"rendered":"https:\/\/wfg-kassel.de\/?page_id=10151"},"modified":"2025-11-20T14:44:26","modified_gmt":"2025-11-20T13:44:26","slug":"events","status":"publish","type":"page","link":"https:\/\/wfg-kassel.de\/en\/datenschutz\/veranstaltungen\/","title":{"rendered":"Data protection information for events"},"content":{"rendered":"<div data-elementor-type=\"wp-page\" data-elementor-id=\"10151\" class=\"elementor elementor-10151\" data-elementor-post-type=\"page\">\n\t\t\t\t<div class=\"elementor-element elementor-element-14da32eb e-flex e-con-boxed e-con e-parent\" data-id=\"14da32eb\" data-element_type=\"container\" data-e-type=\"container\">\n\t\t\t\t\t<div class=\"e-con-inner\">\n\t\t\t\t<div class=\"elementor-element elementor-element-db4491a elementor-widget elementor-widget-wfg-text-editor\" data-id=\"db4491a\" data-element_type=\"widget\" data-e-type=\"widget\" data-widget_type=\"wfg-text-editor.default\">\n\t\t\t\t<div class=\"elementor-widget-container\">\n\t\t\t\t\t\t\t\t\t<h1>Data protection information on events (as at 10\/2025)<\/h1>\t\t\t\t\t\t\t\t<\/div>\n\t\t\t\t<\/div>\n\t\t\t\t\t<\/div>\n\t\t\t\t<\/div>\n\t\t<div class=\"elementor-element elementor-element-584d2a77 e-flex e-con-boxed e-con e-parent\" data-id=\"584d2a77\" data-element_type=\"container\" data-e-type=\"container\">\n\t\t\t\t\t<div class=\"e-con-inner\">\n\t\t\t\t<div class=\"elementor-element elementor-element-70892ca elementor-widget elementor-widget-wfg-text-editor\" data-id=\"70892ca\" data-element_type=\"widget\" data-e-type=\"widget\" data-widget_type=\"wfg-text-editor.default\">\n\t\t\t\t<div class=\"elementor-widget-container\">\n\t\t\t\t\t\t\t\t\t<p class=\"aufmachertext\">The following information shows how we handle your data:<\/p>\t\t\t\t\t\t\t\t<\/div>\n\t\t\t\t<\/div>\n\t\t\t\t\t<\/div>\n\t\t\t\t<\/div>\n\t\t<div class=\"elementor-element elementor-element-5603979 e-flex e-con-boxed e-con e-parent\" data-id=\"5603979\" data-element_type=\"container\" data-e-type=\"container\">\n\t\t\t\t\t<div class=\"e-con-inner\">\n\t\t\t\t<div class=\"elementor-element elementor-element-f1a7481 elementor-widget elementor-widget-wfg-text-editor\" data-id=\"f1a7481\" data-element_type=\"widget\" data-e-type=\"widget\" data-widget_type=\"wfg-text-editor.default\">\n\t\t\t\t<div class=\"elementor-widget-container\">\n\t\t\t\t\t\t\t\t\t<h2>1. person responsible for data processing<\/h2>\t\t\t\t\t\t\t\t<\/div>\n\t\t\t\t<\/div>\n\t\t\t\t\t<\/div>\n\t\t\t\t<\/div>\n\t\t<div class=\"elementor-element elementor-element-7f85215 e-flex e-con-boxed e-con e-parent\" data-id=\"7f85215\" data-element_type=\"container\" data-e-type=\"container\">\n\t\t\t\t\t<div class=\"e-con-inner\">\n\t\t\t\t<div class=\"elementor-element elementor-element-3911cf8 elementor-widget elementor-widget-wfg-text-editor\" data-id=\"3911cf8\" data-element_type=\"widget\" data-e-type=\"widget\" data-widget_type=\"wfg-text-editor.default\">\n\t\t\t\t<div class=\"elementor-widget-container\">\n\t\t\t\t\t\t\t\t\t<p><strong>Wirtschaftsf\u00f6rderung Region Kassel GmbH<\/strong><br \/>Kurf\u00fcrstenstrasse 9<br \/>34117 Kassel<\/p>\n<p>Phone: <a href=\"tel:+49 561 7073350\">+49 561 7073350<\/a><br \/>E-Mail: <a href=\"mailto:info@wfg-kassel.de\">info@wfg-kassel.de<\/a><\/p>\n<p>If you have any questions about data protection, please contact us at any time using the above contact details.<\/p>\t\t\t\t\t\t\t\t<\/div>\n\t\t\t\t<\/div>\n\t\t\t\t\t<\/div>\n\t\t\t\t<\/div>\n\t\t<div class=\"elementor-element elementor-element-c30b969 e-flex e-con-boxed e-con e-parent\" data-id=\"c30b969\" data-element_type=\"container\" data-e-type=\"container\">\n\t\t\t\t\t<div class=\"e-con-inner\">\n\t\t\t\t<div class=\"elementor-element elementor-element-5917dd3 elementor-widget elementor-widget-wfg-text-editor\" data-id=\"5917dd3\" data-element_type=\"widget\" data-e-type=\"widget\" data-widget_type=\"wfg-text-editor.default\">\n\t\t\t\t<div class=\"elementor-widget-container\">\n\t\t\t\t\t\t\t\t\t<h2>2. purpose and legal basis<\/h2>\t\t\t\t\t\t\t\t<\/div>\n\t\t\t\t<\/div>\n\t\t\t\t\t<\/div>\n\t\t\t\t<\/div>\n\t\t<div class=\"elementor-element elementor-element-6398e61 e-flex e-con-boxed e-con e-parent\" data-id=\"6398e61\" data-element_type=\"container\" data-e-type=\"container\">\n\t\t\t\t\t<div class=\"e-con-inner\">\n\t\t\t\t<div class=\"elementor-element elementor-element-d7a36dc elementor-widget elementor-widget-wfg-text-editor\" data-id=\"d7a36dc\" data-element_type=\"widget\" data-e-type=\"widget\" data-widget_type=\"wfg-text-editor.default\">\n\t\t\t\t<div class=\"elementor-widget-container\">\n\t\t\t\t\t\t\t\t\t<p>We process your data on the basis of the <a href=\"https:\/\/www.datenschutz-manager-24.de\/dsgvo\/\">EU General Data Protection Regulation (GDPR)<\/a>the <a href=\"https:\/\/www.datenschutz-manager-24.de\/bdsg\">Federal Data Protection Act (BDSG)<\/a> as well as all other laws relevant to us under data protection law.<\/p>\n<p>We process the following categories of personal data for the organization and implementation of events and conferences:<\/p>\n<ul>\n<li>Names<\/li>\n<li>Addresses<\/li>\n<li>Contact details<\/li>\n<li>Company data<\/li>\n<li>Video \/ image recordings<\/li>\n<li>Communication data<\/li>\n<\/ul>\n<p>The personal data concerning you will be processed for the purpose of organizing the events and conferences (both online and face-to-face events) on the basis of the <a href=\"https:\/\/www.datenschutz-manager-24.de\/dsgvo\/art-6-dsgvo\/\">Art. 6 para. 1 lit. b GDPR<\/a> processed. Participation in one of our events is not possible without the provision of data required for the organization of the events. Event documents will be deleted after 10 years or after the end of the statutory retention periods.<\/p>\n<p>In some cases, we pass on the data to the speakers on the basis of our legitimate interest if this is necessary to prepare for the event (<a href=\"https:\/\/www.datenschutz-manager-24.de\/dsgvo\/art-6-dsgvo\/\">Art. 6 para. 1 lit. f GDPR<\/a>). Your data will only be passed on to other event participants on the basis of your consent (<a href=\"https:\/\/www.datenschutz-manager-24.de\/dsgvo\/art-6-dsgvo\/\">Art. 6 para. 1 lit. a GDPR<\/a>).<\/p>\n<p>On the basis of our legitimate interest (<a href=\"https:\/\/www.datenschutz-manager-24.de\/dsgvo\/art-6-dsgvo\/\">Art. 6 para. 1 lit. f GDPR<\/a>), photos and videos are also taken at our events for advertising and information purposes. These may be published on our website or social networks as well as in print media. Documents relating to past events are reviewed every two years and data that is no longer required is deleted.<\/p>\t\t\t\t\t\t\t\t<\/div>\n\t\t\t\t<\/div>\n\t\t\t\t\t<\/div>\n\t\t\t\t<\/div>\n\t\t<div class=\"elementor-element elementor-element-cd0a23d e-flex e-con-boxed e-con e-parent\" data-id=\"cd0a23d\" data-element_type=\"container\" data-e-type=\"container\">\n\t\t\t\t\t<div class=\"e-con-inner\">\n\t\t\t\t<div class=\"elementor-element elementor-element-4e51331 elementor-widget elementor-widget-wfg-text-editor\" data-id=\"4e51331\" data-element_type=\"widget\" data-e-type=\"widget\" data-widget_type=\"wfg-text-editor.default\">\n\t\t\t\t<div class=\"elementor-widget-container\">\n\t\t\t\t\t\t\t\t\t<h2>3. recipients of personal data<\/h2>\t\t\t\t\t\t\t\t<\/div>\n\t\t\t\t<\/div>\n\t\t\t\t\t<\/div>\n\t\t\t\t<\/div>\n\t\t<div class=\"elementor-element elementor-element-e2635f1 e-flex e-con-boxed e-con e-parent\" data-id=\"e2635f1\" data-element_type=\"container\" data-e-type=\"container\">\n\t\t\t\t\t<div class=\"e-con-inner\">\n\t\t\t\t<div class=\"elementor-element elementor-element-c2cfe7e elementor-widget elementor-widget-wfg-text-editor\" data-id=\"c2cfe7e\" data-element_type=\"widget\" data-e-type=\"widget\" data-widget_type=\"wfg-text-editor.default\">\n\t\t\t\t<div class=\"elementor-widget-container\">\n\t\t\t\t\t\t\t\t\t<p>We only pass on your data to third parties if this is necessary to fulfill the purpose. Furthermore, data may be passed on on the basis of legal regulations in accordance with <a href=\"https:\/\/www.datenschutz-manager-24.de\/dsgvo\/art-6-dsgvo\/\">Art. 6 para. 1 lit. c and e GDPR<\/a> to authorities.<\/p>\n<p>In addition, we use processors in various cases in accordance with <a href=\"https:\/\/www.datenschutz-manager-24.de\/dsgvo\/art-28-dsgvo\/\">Art. 28 GDPR<\/a> who may receive data from us or have access to your data in connection with their services.<\/p>\t\t\t\t\t\t\t\t<\/div>\n\t\t\t\t<\/div>\n\t\t\t\t\t<\/div>\n\t\t\t\t<\/div>\n\t\t<div class=\"elementor-element elementor-element-778fa5f e-flex e-con-boxed e-con e-parent\" data-id=\"778fa5f\" data-element_type=\"container\" data-e-type=\"container\">\n\t\t\t\t\t<div class=\"e-con-inner\">\n\t\t\t\t<div class=\"elementor-element elementor-element-b66b298 elementor-widget elementor-widget-wfg-text-editor\" data-id=\"b66b298\" data-element_type=\"widget\" data-e-type=\"widget\" data-widget_type=\"wfg-text-editor.default\">\n\t\t\t\t<div class=\"elementor-widget-container\">\n\t\t\t\t\t\t\t\t\t<h2>4. your rights<\/h2>\t\t\t\t\t\t\t\t<\/div>\n\t\t\t\t<\/div>\n\t\t\t\t\t<\/div>\n\t\t\t\t<\/div>\n\t\t<div class=\"elementor-element elementor-element-fddbb0f e-flex e-con-boxed e-con e-parent\" data-id=\"fddbb0f\" data-element_type=\"container\" data-e-type=\"container\">\n\t\t\t\t\t<div class=\"e-con-inner\">\n\t\t\t\t<div class=\"elementor-element elementor-element-c21359c elementor-widget elementor-widget-wfg-text-editor\" data-id=\"c21359c\" data-element_type=\"widget\" data-e-type=\"widget\" data-widget_type=\"wfg-text-editor.default\">\n\t\t\t\t<div class=\"elementor-widget-container\">\n\t\t\t\t\t\t\t\t\t<p>You have the following rights vis-\u00e0-vis us with regard to your personal data:<\/p>\n<ul>\n<li>Right to information (Art. <a href=\"https:\/\/www.datenschutz-manager-24.de\/dsgvo\/art-15-dsgvo\/\">15 GDPR<\/a>)<\/li>\n<li>Right to rectification (Art. <a href=\"https:\/\/www.datenschutz-manager-24.de\/dsgvo\/art-16-dsgvo\/\">16 GDPR<\/a>)<\/li>\n<li>Right to erasure (Art. <a href=\"https:\/\/www.datenschutz-manager-24.de\/dsgvo\/art-17-dsgvo\/\">17 GDPR<\/a>)<\/li>\n<li>Right to restriction of processing (Art. <a href=\"https:\/\/www.datenschutz-manager-24.de\/dsgvo\/art-18-dsgvo\/\">18 GDPR<\/a>)<\/li>\n<li>Right to data portability (Art. <a href=\"https:\/\/www.datenschutz-manager-24.de\/dsgvo\/art-20-dsgvo\/\">20 GDPR<\/a>)<\/li>\n<li>Right to object to processing (Art. <a href=\"https:\/\/www.datenschutz-manager-24.de\/dsgvo\/art-21-dsgvo\/\">21 GDPR<\/a>)<\/li>\n<li>Right to withdraw consent (Art. <a href=\"https:\/\/www.datenschutz-manager-24.de\/dsgvo\/art-7-dsgvo\/\">7 para. 3 GDPR<\/a>)<\/li>\n<li>Right to lodge a complaint with a data protection supervisory authority (Art. <a href=\"https:\/\/www.datenschutz-manager-24.de\/dsgvo\/art-77-dsgvo\/\">77 GDPR<\/a>)<\/li>\n<\/ul>\t\t\t\t\t\t\t\t<\/div>\n\t\t\t\t<\/div>\n\t\t\t\t\t<\/div>\n\t\t\t\t<\/div>\n\t\t<div class=\"elementor-element elementor-element-228f563 e-flex e-con-boxed e-con e-parent\" data-id=\"228f563\" data-element_type=\"container\" data-e-type=\"container\">\n\t\t\t\t\t<div class=\"e-con-inner\">\n\t\t\t\t<div class=\"elementor-element elementor-element-e8f4971 elementor-widget elementor-widget-wfg-text-editor\" data-id=\"e8f4971\" data-element_type=\"widget\" data-e-type=\"widget\" data-widget_type=\"wfg-text-editor.default\">\n\t\t\t\t<div class=\"elementor-widget-container\">\n\t\t\t\t\t\t\t\t\t<h2>5. data protection officer<\/h2>\t\t\t\t\t\t\t\t<\/div>\n\t\t\t\t<\/div>\n\t\t\t\t\t<\/div>\n\t\t\t\t<\/div>\n\t\t<div class=\"elementor-element elementor-element-a9e0829 e-flex e-con-boxed e-con e-parent\" data-id=\"a9e0829\" data-element_type=\"container\" data-e-type=\"container\">\n\t\t\t\t\t<div class=\"e-con-inner\">\n\t\t\t\t<div class=\"elementor-element elementor-element-398c37a elementor-widget elementor-widget-wfg-text-editor\" data-id=\"398c37a\" data-element_type=\"widget\" data-e-type=\"widget\" data-widget_type=\"wfg-text-editor.default\">\n\t\t\t\t<div class=\"elementor-widget-container\">\n\t\t\t\t\t\t\t\t\t<p>We have appointed an external data protection officer:<\/p>\n<p><strong>Stefan Pietsch<br \/><\/strong>Pietsch IT GmbH<br \/>Wilhelmsh\u00f6her Street 1<br \/>34590 Wabern<\/p>\n<p>Tel: <a href=\"tel:+495683-923440\">+495683-923440<\/a><br \/>E-Mail: <a href=\"mailto:datenschutz@pietsch-it.de\">datenschutz@pietsch-it.de<\/a> <br \/>Internet: <a href=\"https:\/\/www.pietsch-it.de\">www.pietsch-it.de<\/a><\/p>\t\t\t\t\t\t\t\t<\/div>\n\t\t\t\t<\/div>\n\t\t\t\t\t<\/div>\n\t\t\t\t<\/div>\n\t\t<div class=\"elementor-element elementor-element-82c978d e-flex e-con-boxed e-con e-parent\" data-id=\"82c978d\" data-element_type=\"container\" data-e-type=\"container\">\n\t\t\t\t\t<div class=\"e-con-inner\">\n\t\t\t\t<div class=\"elementor-element elementor-element-e5edf16 elementor-widget elementor-widget-wfg-text-editor\" data-id=\"e5edf16\" data-element_type=\"widget\" data-e-type=\"widget\" data-widget_type=\"wfg-text-editor.default\">\n\t\t\t\t<div class=\"elementor-widget-container\">\n\t\t\t\t\t\t\t\t\t<h2>6. topicality and amendment of this data protection information<\/h2>\t\t\t\t\t\t\t\t<\/div>\n\t\t\t\t<\/div>\n\t\t\t\t\t<\/div>\n\t\t\t\t<\/div>\n\t\t<div class=\"elementor-element elementor-element-aece263 e-flex e-con-boxed e-con e-parent\" data-id=\"aece263\" data-element_type=\"container\" data-e-type=\"container\">\n\t\t\t\t\t<div class=\"e-con-inner\">\n\t\t\t\t<div class=\"elementor-element elementor-element-7a3aa2b elementor-widget elementor-widget-wfg-text-editor\" data-id=\"7a3aa2b\" data-element_type=\"widget\" data-e-type=\"widget\" data-widget_type=\"wfg-text-editor.default\">\n\t\t\t\t<div class=\"elementor-widget-container\">\n\t\t\t\t\t\t\t\t\t<p>This data protection information is currently valid (see status in the heading). It may become necessary to amend this data protection information as a result of the further development of our services or due to changes in legal or official requirements.<\/p>\t\t\t\t\t\t\t\t<\/div>\n\t\t\t\t<\/div>\n\t\t\t\t\t<\/div>\n\t\t\t\t<\/div>\n\t\t\t\t<\/div>","protected":false},"excerpt":{"rendered":"<p>Datenschutzinformation zu Veranstaltungen (Stand 10\/2025) Die nachfolgenden Informationen zeigen, wie wir mit Ihren Daten umgehen: 1. Verantwortlicher f\u00fcr die Datenverarbeitung Wirtschaftsf\u00f6rderung Region Kassel GmbHKurf\u00fcrstenstra\u00dfe 934117 Kassel Telefon: +49 561 7073350E-Mail: info@wfg-kassel.de Bei Fragen rund um den Datenschutz wenden Sie sich gern jederzeit \u00fcber die vorgenannten Kontaktdaten an uns. 2. Zweck und Rechtsgrundlage Wir verarbeiten Ihre [&hellip;]<\/p>\n","protected":false},"author":3,"featured_media":0,"parent":5773,"menu_order":0,"comment_status":"closed","ping_status":"closed","template":"","meta":{"_acf_changed":false,"footnotes":""},"class_list":["post-10151","page","type-page","status-publish","hentry"],"acf":[],"yoast_head":"<!-- This site is optimized with the Yoast SEO plugin v27.4 - https:\/\/yoast.com\/product\/yoast-seo-wordpress\/ -->\n<title>Datenschutzinformation zu Veranstaltungen<\/title>\n<meta name=\"description\" content=\"Alle relevanten Informationen zum Datenschutz bei Veranstaltungen sind auf dieser Themenunterseite zu finden.\" \/>\n<meta name=\"robots\" content=\"index, follow, max-snippet:-1, max-image-preview:large, max-video-preview:-1\" \/>\n<link rel=\"canonical\" href=\"https:\/\/wfg-kassel.de\/en\/data-protection\/events\/\" \/>\n<meta property=\"og:locale\" content=\"en_US\" \/>\n<meta property=\"og:type\" content=\"article\" \/>\n<meta property=\"og:title\" content=\"Datenschutzinformation zu Veranstaltungen\" \/>\n<meta property=\"og:description\" content=\"Alle relevanten Informationen zum Datenschutz bei Veranstaltungen sind auf dieser Themenunterseite zu finden.\" \/>\n<meta property=\"og:url\" content=\"https:\/\/wfg-kassel.de\/en\/data-protection\/events\/\" \/>\n<meta property=\"og:site_name\" content=\"Wirtschaftsf\u00f6rderung Region Kassel\" \/>\n<meta property=\"article:modified_time\" content=\"2025-11-20T13:44:26+00:00\" \/>\n<meta name=\"twitter:card\" content=\"summary_large_image\" \/>\n<meta name=\"twitter:label1\" content=\"Est. reading time\" \/>\n\t<meta name=\"twitter:data1\" content=\"3 minutes\" \/>\n<script type=\"application\/ld+json\" class=\"yoast-schema-graph\">{\"@context\":\"https:\\\/\\\/schema.org\",\"@graph\":[{\"@type\":\"WebPage\",\"@id\":\"https:\\\/\\\/wfg-kassel.de\\\/datenschutz\\\/veranstaltungen\\\/\",\"url\":\"https:\\\/\\\/wfg-kassel.de\\\/datenschutz\\\/veranstaltungen\\\/\",\"name\":\"Datenschutzinformation zu Veranstaltungen\",\"isPartOf\":{\"@id\":\"https:\\\/\\\/wfg-kassel.de\\\/#website\"},\"datePublished\":\"2025-11-20T13:00:24+00:00\",\"dateModified\":\"2025-11-20T13:44:26+00:00\",\"description\":\"Alle relevanten Informationen zum Datenschutz bei Veranstaltungen sind auf dieser Themenunterseite zu finden.\",\"breadcrumb\":{\"@id\":\"https:\\\/\\\/wfg-kassel.de\\\/datenschutz\\\/veranstaltungen\\\/#breadcrumb\"},\"inLanguage\":\"en-US\",\"potentialAction\":[{\"@type\":\"ReadAction\",\"target\":[\"https:\\\/\\\/wfg-kassel.de\\\/datenschutz\\\/veranstaltungen\\\/\"]}]},{\"@type\":\"BreadcrumbList\",\"@id\":\"https:\\\/\\\/wfg-kassel.de\\\/datenschutz\\\/veranstaltungen\\\/#breadcrumb\",\"itemListElement\":[{\"@type\":\"ListItem\",\"position\":1,\"name\":\"Startseite\",\"item\":\"https:\\\/\\\/wfg-kassel.de\\\/\"},{\"@type\":\"ListItem\",\"position\":2,\"name\":\"Datenschutzinformation\",\"item\":\"https:\\\/\\\/wfg-kassel.de\\\/datenschutz\\\/\"},{\"@type\":\"ListItem\",\"position\":3,\"name\":\"Datenschutzinformation zu Veranstaltungen\"}]},{\"@type\":\"WebSite\",\"@id\":\"https:\\\/\\\/wfg-kassel.de\\\/#website\",\"url\":\"https:\\\/\\\/wfg-kassel.de\\\/\",\"name\":\"Wirtschaftsf\u00f6rderung Region Kassel\",\"description\":\"\",\"publisher\":{\"@id\":\"https:\\\/\\\/wfg-kassel.de\\\/#organization\"},\"potentialAction\":[{\"@type\":\"SearchAction\",\"target\":{\"@type\":\"EntryPoint\",\"urlTemplate\":\"https:\\\/\\\/wfg-kassel.de\\\/?s={search_term_string}\"},\"query-input\":{\"@type\":\"PropertyValueSpecification\",\"valueRequired\":true,\"valueName\":\"search_term_string\"}}],\"inLanguage\":\"en-US\"},{\"@type\":\"Organization\",\"@id\":\"https:\\\/\\\/wfg-kassel.de\\\/#organization\",\"name\":\"Wirtschaftsf\u00f6rderung Region Kassel\",\"url\":\"https:\\\/\\\/wfg-kassel.de\\\/\",\"logo\":{\"@type\":\"ImageObject\",\"inLanguage\":\"en-US\",\"@id\":\"https:\\\/\\\/wfg-kassel.de\\\/#\\\/schema\\\/logo\\\/image\\\/\",\"url\":\"https:\\\/\\\/wfg-kassel.de\\\/wp-content\\\/uploads\\\/2024\\\/02\\\/logo_wfg.svg\",\"contentUrl\":\"https:\\\/\\\/wfg-kassel.de\\\/wp-content\\\/uploads\\\/2024\\\/02\\\/logo_wfg.svg\",\"width\":339,\"height\":90,\"caption\":\"Wirtschaftsf\u00f6rderung Region Kassel\"},\"image\":{\"@id\":\"https:\\\/\\\/wfg-kassel.de\\\/#\\\/schema\\\/logo\\\/image\\\/\"}}]}<\/script>\n<!-- \/ Yoast SEO plugin. -->","yoast_head_json":{"title":"Data protection information for events","description":"All relevant information on data protection at events can be found on this topic subpage.","robots":{"index":"index","follow":"follow","max-snippet":"max-snippet:-1","max-image-preview":"max-image-preview:large","max-video-preview":"max-video-preview:-1"},"canonical":"https:\/\/wfg-kassel.de\/en\/data-protection\/events\/","og_locale":"en_US","og_type":"article","og_title":"Datenschutzinformation zu Veranstaltungen","og_description":"Alle relevanten Informationen zum Datenschutz bei Veranstaltungen sind auf dieser Themenunterseite zu finden.","og_url":"https:\/\/wfg-kassel.de\/en\/data-protection\/events\/","og_site_name":"Wirtschaftsf\u00f6rderung Region Kassel","article_modified_time":"2025-11-20T13:44:26+00:00","twitter_card":"summary_large_image","twitter_misc":{"Est. reading time":"3 minutes"},"schema":{"@context":"https:\/\/schema.org","@graph":[{"@type":"WebPage","@id":"https:\/\/wfg-kassel.de\/datenschutz\/veranstaltungen\/","url":"https:\/\/wfg-kassel.de\/datenschutz\/veranstaltungen\/","name":"Data protection information for events","isPartOf":{"@id":"https:\/\/wfg-kassel.de\/#website"},"datePublished":"2025-11-20T13:00:24+00:00","dateModified":"2025-11-20T13:44:26+00:00","description":"All relevant information on data protection at events can be found on this topic subpage.","breadcrumb":{"@id":"https:\/\/wfg-kassel.de\/datenschutz\/veranstaltungen\/#breadcrumb"},"inLanguage":"en-US","potentialAction":[{"@type":"ReadAction","target":["https:\/\/wfg-kassel.de\/datenschutz\/veranstaltungen\/"]}]},{"@type":"BreadcrumbList","@id":"https:\/\/wfg-kassel.de\/datenschutz\/veranstaltungen\/#breadcrumb","itemListElement":[{"@type":"ListItem","position":1,"name":"Startseite","item":"https:\/\/wfg-kassel.de\/"},{"@type":"ListItem","position":2,"name":"Datenschutzinformation","item":"https:\/\/wfg-kassel.de\/datenschutz\/"},{"@type":"ListItem","position":3,"name":"Datenschutzinformation zu Veranstaltungen"}]},{"@type":"WebSite","@id":"https:\/\/wfg-kassel.de\/#website","url":"https:\/\/wfg-kassel.de\/","name":"Wirtschaftsf\u00f6rderung Region Kassel","description":"","publisher":{"@id":"https:\/\/wfg-kassel.de\/#organization"},"potentialAction":[{"@type":"SearchAction","target":{"@type":"EntryPoint","urlTemplate":"https:\/\/wfg-kassel.de\/?s={search_term_string}"},"query-input":{"@type":"PropertyValueSpecification","valueRequired":true,"valueName":"search_term_string"}}],"inLanguage":"en-US"},{"@type":"Organization","@id":"https:\/\/wfg-kassel.de\/#organization","name":"Wirtschaftsf\u00f6rderung Region Kassel","url":"https:\/\/wfg-kassel.de\/","logo":{"@type":"ImageObject","inLanguage":"en-US","@id":"https:\/\/wfg-kassel.de\/#\/schema\/logo\/image\/","url":"https:\/\/wfg-kassel.de\/wp-content\/uploads\/2024\/02\/logo_wfg.svg","contentUrl":"https:\/\/wfg-kassel.de\/wp-content\/uploads\/2024\/02\/logo_wfg.svg","width":339,"height":90,"caption":"Wirtschaftsf\u00f6rderung Region Kassel"},"image":{"@id":"https:\/\/wfg-kassel.de\/#\/schema\/logo\/image\/"}}]}},"_links":{"self":[{"href":"https:\/\/wfg-kassel.de\/en\/wp-json\/wp\/v2\/pages\/10151","targetHints":{"allow":["GET"]}}],"collection":[{"href":"https:\/\/wfg-kassel.de\/en\/wp-json\/wp\/v2\/pages"}],"about":[{"href":"https:\/\/wfg-kassel.de\/en\/wp-json\/wp\/v2\/types\/page"}],"author":[{"embeddable":true,"href":"https:\/\/wfg-kassel.de\/en\/wp-json\/wp\/v2\/users\/3"}],"replies":[{"embeddable":true,"href":"https:\/\/wfg-kassel.de\/en\/wp-json\/wp\/v2\/comments?post=10151"}],"version-history":[{"count":5,"href":"https:\/\/wfg-kassel.de\/en\/wp-json\/wp\/v2\/pages\/10151\/revisions"}],"predecessor-version":[{"id":10219,"href":"https:\/\/wfg-kassel.de\/en\/wp-json\/wp\/v2\/pages\/10151\/revisions\/10219"}],"up":[{"embeddable":true,"href":"https:\/\/wfg-kassel.de\/en\/wp-json\/wp\/v2\/pages\/5773"}],"wp:attachment":[{"href":"https:\/\/wfg-kassel.de\/en\/wp-json\/wp\/v2\/media?parent=10151"}],"curies":[{"name":"wp","href":"https:\/\/api.w.org\/{rel}","templated":true}]}}