{"id":5773,"date":"2024-12-09T10:32:29","date_gmt":"2024-12-09T09:32:29","guid":{"rendered":"https:\/\/wfg.rosys.dev\/?page_id=5773"},"modified":"2026-04-01T16:38:09","modified_gmt":"2026-04-01T14:38:09","slug":"data-protection","status":"publish","type":"page","link":"https:\/\/wfg-kassel.de\/en\/datenschutz\/","title":{"rendered":"data protection information"},"content":{"rendered":"<div data-elementor-type=\"wp-page\" data-elementor-id=\"5773\" class=\"elementor elementor-5773\" data-elementor-post-type=\"page\">\n\t\t\t\t<div class=\"elementor-element elementor-element-4d47aa30 e-flex e-con-boxed e-con e-parent\" data-id=\"4d47aa30\" data-element_type=\"container\" data-e-type=\"container\">\n\t\t\t\t\t<div class=\"e-con-inner\">\n\t\t\t\t<div class=\"elementor-element elementor-element-1d1c255 elementor-widget elementor-widget-wfg-text-editor\" data-id=\"1d1c255\" data-element_type=\"widget\" data-e-type=\"widget\" data-widget_type=\"wfg-text-editor.default\">\n\t\t\t\t<div class=\"elementor-widget-container\">\n\t\t\t\t\t\t\t\t\t<h1>data protection information<\/h1>\t\t\t\t\t\t\t\t<\/div>\n\t\t\t\t<\/div>\n\t\t\t\t\t<\/div>\n\t\t\t\t<\/div>\n\t\t<div class=\"elementor-element elementor-element-3be3528b e-flex e-con-boxed e-con e-parent\" data-id=\"3be3528b\" data-element_type=\"container\" data-e-type=\"container\">\n\t\t\t\t\t<div class=\"e-con-inner\">\n\t\t\t\t<div class=\"elementor-element elementor-element-1404445 elementor-widget elementor-widget-wfg-text-editor\" data-id=\"1404445\" data-element_type=\"widget\" data-e-type=\"widget\" data-widget_type=\"wfg-text-editor.default\">\n\t\t\t\t<div class=\"elementor-widget-container\">\n\t\t\t\t\t\t\t\t\t<p class=\"aufmachertext\">For a better overview, we have separated our data protection information for different target groups. This makes it easier for you to understand how we handle your data. Simply click on the information that applies to you:<\/p>\t\t\t\t\t\t\t\t<\/div>\n\t\t\t\t<\/div>\n\t\t\t\t\t<\/div>\n\t\t\t\t<\/div>\n\t\t<div class=\"elementor-element elementor-element-ff501dc e-flex e-con-boxed e-con e-parent\" data-id=\"ff501dc\" data-element_type=\"container\" data-e-type=\"container\">\n\t\t\t\t\t<div class=\"e-con-inner\">\n\t\t\t\t<div class=\"elementor-element elementor-element-a3d83e5 elementor-widget elementor-widget-wfg-button\" data-id=\"a3d83e5\" data-element_type=\"widget\" data-e-type=\"widget\" data-widget_type=\"wfg-button.default\">\n\t\t\t\t<div class=\"elementor-widget-container\">\n\t\t\t\t\t\n\n\n  <a href=\"\/en\/data-protection\/website\/\"\n   aria-label=\"Data protection information for visitors to our website\"\n   class=\"uppercase font-extrabold py-1.5 px-6 text-lg xs:text-xl lg:text-2xl xl:text-3xl text-primary inline-flex items-center space-x-2 xs:space-x-3 lg:space-x-4 xl:space-x-6 hover:text-accent transition-colors\"\n   rel=\"\">\n    <svg xmlns=\"http:\/\/www.w3.org\/2000\/svg\" viewbox=\"0 0 16 16\" class=\"w-6 h-6 xs:w-8 xs:h-8 lg:w-10 lg:h-10 shrink-0\">\n  <g id=\"Group_62\" data-name=\"Group 62\" transform=\"translate(-931.406 1344) rotate(-90)\">\n    <path id=\"Icon_feather-chevron-down\" data-name=\"Icon feather-chevron-down\" d=\"M9,13.5l3.944,3.944L16.887,13.5\" transform=\"translate(1323.229 924.458)\" fill=\"none\" stroke=\"#e41e3d\" stroke-linecap=\"round\" stroke-linejoin=\"round\" stroke-width=\"1\"\/>\n    <g id=\"Ellipse_5\" data-name=\"Ellipse 5\" transform=\"translate(1328 931.406)\" fill=\"none\" stroke=\"#e41e3d\" stroke-width=\"1\">\n      <circle cx=\"8\" cy=\"8\" r=\"8\" stroke=\"none\"\/>\n      <circle cx=\"8\" cy=\"8\" r=\"7.5\" fill=\"none\"\/>\n    <\/g>\n  <\/g>\n<\/svg>\n\n    <span>\n       Data protection information for visitors to our website\n    <\/span>\n  <\/a>\n\t\t\t\t<\/div>\n\t\t\t\t<\/div>\n\t\t\t\t\t<\/div>\n\t\t\t\t<\/div>\n\t\t<div class=\"elementor-element elementor-element-3065949 e-flex e-con-boxed e-con e-parent\" data-id=\"3065949\" data-element_type=\"container\" data-e-type=\"container\">\n\t\t\t\t\t<div class=\"e-con-inner\">\n\t\t\t\t<div class=\"elementor-element elementor-element-94cdb0d elementor-widget elementor-widget-wfg-button\" data-id=\"94cdb0d\" data-element_type=\"widget\" data-e-type=\"widget\" data-widget_type=\"wfg-button.default\">\n\t\t\t\t<div class=\"elementor-widget-container\">\n\t\t\t\t\t\n\n\n  <a href=\"\/en\/data-protection\/partner\/\"\n   aria-label=\"Data protection information for interested parties, customers, service providers and partners\"\n   class=\"uppercase font-extrabold py-1.5 px-6 text-lg xs:text-xl lg:text-2xl xl:text-3xl text-primary inline-flex items-center space-x-2 xs:space-x-3 lg:space-x-4 xl:space-x-6 hover:text-accent transition-colors\"\n   rel=\"\">\n    <svg xmlns=\"http:\/\/www.w3.org\/2000\/svg\" viewbox=\"0 0 16 16\" class=\"w-6 h-6 xs:w-8 xs:h-8 lg:w-10 lg:h-10 shrink-0\">\n  <g id=\"Group_62\" data-name=\"Group 62\" transform=\"translate(-931.406 1344) rotate(-90)\">\n    <path id=\"Icon_feather-chevron-down\" data-name=\"Icon feather-chevron-down\" d=\"M9,13.5l3.944,3.944L16.887,13.5\" transform=\"translate(1323.229 924.458)\" fill=\"none\" stroke=\"#e41e3d\" stroke-linecap=\"round\" stroke-linejoin=\"round\" stroke-width=\"1\"\/>\n    <g id=\"Ellipse_5\" data-name=\"Ellipse 5\" transform=\"translate(1328 931.406)\" fill=\"none\" stroke=\"#e41e3d\" stroke-width=\"1\">\n      <circle cx=\"8\" cy=\"8\" r=\"8\" stroke=\"none\"\/>\n      <circle cx=\"8\" cy=\"8\" r=\"7.5\" fill=\"none\"\/>\n    <\/g>\n  <\/g>\n<\/svg>\n\n    <span>\n       Data protection information for interested parties, customers, service providers and partners\n    <\/span>\n  <\/a>\n\t\t\t\t<\/div>\n\t\t\t\t<\/div>\n\t\t\t\t\t<\/div>\n\t\t\t\t<\/div>\n\t\t<div class=\"elementor-element elementor-element-b2d59b7 e-flex e-con-boxed e-con e-parent\" data-id=\"b2d59b7\" data-element_type=\"container\" data-e-type=\"container\">\n\t\t\t\t\t<div class=\"e-con-inner\">\n\t\t\t\t<div class=\"elementor-element elementor-element-2593b05 elementor-widget elementor-widget-wfg-button\" data-id=\"2593b05\" data-element_type=\"widget\" data-e-type=\"widget\" data-widget_type=\"wfg-button.default\">\n\t\t\t\t<div class=\"elementor-widget-container\">\n\t\t\t\t\t\n\n\n  <a href=\"\/en\/data-protection\/employed-applicants\/\"\n   aria-label=\"Data protection information for employees and applicants\"\n   class=\"uppercase font-extrabold py-1.5 px-6 text-lg xs:text-xl lg:text-2xl xl:text-3xl text-primary inline-flex items-center space-x-2 xs:space-x-3 lg:space-x-4 xl:space-x-6 hover:text-accent transition-colors\"\n   rel=\"\">\n    <svg xmlns=\"http:\/\/www.w3.org\/2000\/svg\" viewbox=\"0 0 16 16\" class=\"w-6 h-6 xs:w-8 xs:h-8 lg:w-10 lg:h-10 shrink-0\">\n  <g id=\"Group_62\" data-name=\"Group 62\" transform=\"translate(-931.406 1344) rotate(-90)\">\n    <path id=\"Icon_feather-chevron-down\" data-name=\"Icon feather-chevron-down\" d=\"M9,13.5l3.944,3.944L16.887,13.5\" transform=\"translate(1323.229 924.458)\" fill=\"none\" stroke=\"#e41e3d\" stroke-linecap=\"round\" stroke-linejoin=\"round\" stroke-width=\"1\"\/>\n    <g id=\"Ellipse_5\" data-name=\"Ellipse 5\" transform=\"translate(1328 931.406)\" fill=\"none\" stroke=\"#e41e3d\" stroke-width=\"1\">\n      <circle cx=\"8\" cy=\"8\" r=\"8\" stroke=\"none\"\/>\n      <circle cx=\"8\" cy=\"8\" r=\"7.5\" fill=\"none\"\/>\n    <\/g>\n  <\/g>\n<\/svg>\n\n    <span>\n       Data protection information for employees and applicants\n    <\/span>\n  <\/a>\n\t\t\t\t<\/div>\n\t\t\t\t<\/div>\n\t\t\t\t\t<\/div>\n\t\t\t\t<\/div>\n\t\t<div class=\"elementor-element elementor-element-2728cc7 e-flex e-con-boxed e-con e-parent\" data-id=\"2728cc7\" data-element_type=\"container\" data-e-type=\"container\">\n\t\t\t\t\t<div class=\"e-con-inner\">\n\t\t\t\t<div class=\"elementor-element elementor-element-58c1b12 elementor-widget elementor-widget-wfg-button\" data-id=\"58c1b12\" data-element_type=\"widget\" data-e-type=\"widget\" data-widget_type=\"wfg-button.default\">\n\t\t\t\t<div class=\"elementor-widget-container\">\n\t\t\t\t\t\n\n\n  <a href=\"\/en\/data-protection\/events\/\"\n   aria-label=\"Data protection information for events\"\n   class=\"uppercase font-extrabold py-1.5 px-6 text-lg xs:text-xl lg:text-2xl xl:text-3xl text-primary inline-flex items-center space-x-2 xs:space-x-3 lg:space-x-4 xl:space-x-6 hover:text-accent transition-colors\"\n   rel=\"\">\n    <svg xmlns=\"http:\/\/www.w3.org\/2000\/svg\" viewbox=\"0 0 16 16\" class=\"w-6 h-6 xs:w-8 xs:h-8 lg:w-10 lg:h-10 shrink-0\">\n  <g id=\"Group_62\" data-name=\"Group 62\" transform=\"translate(-931.406 1344) rotate(-90)\">\n    <path id=\"Icon_feather-chevron-down\" data-name=\"Icon feather-chevron-down\" d=\"M9,13.5l3.944,3.944L16.887,13.5\" transform=\"translate(1323.229 924.458)\" fill=\"none\" stroke=\"#e41e3d\" stroke-linecap=\"round\" stroke-linejoin=\"round\" stroke-width=\"1\"\/>\n    <g id=\"Ellipse_5\" data-name=\"Ellipse 5\" transform=\"translate(1328 931.406)\" fill=\"none\" stroke=\"#e41e3d\" stroke-width=\"1\">\n      <circle cx=\"8\" cy=\"8\" r=\"8\" stroke=\"none\"\/>\n      <circle cx=\"8\" cy=\"8\" r=\"7.5\" fill=\"none\"\/>\n    <\/g>\n  <\/g>\n<\/svg>\n\n    <span>\n       Data protection information for events\n    <\/span>\n  <\/a>\n\t\t\t\t<\/div>\n\t\t\t\t<\/div>\n\t\t\t\t\t<\/div>\n\t\t\t\t<\/div>\n\t\t<div class=\"elementor-element elementor-element-ae1cc2c e-flex e-con-boxed e-con e-parent\" data-id=\"ae1cc2c\" data-element_type=\"container\" data-e-type=\"container\">\n\t\t\t\t\t<div class=\"e-con-inner\">\n\t\t\t\t<div class=\"elementor-element elementor-element-a0e064b elementor-widget elementor-widget-wfg-button\" data-id=\"a0e064b\" data-element_type=\"widget\" data-e-type=\"widget\" data-widget_type=\"wfg-button.default\">\n\t\t\t\t<div class=\"elementor-widget-container\">\n\t\t\t\t\t\n\n\n  <a href=\"\/en\/data-protection\/surveys\/\"\n   aria-label=\"Data protection information on (online) surveys\"\n   class=\"uppercase font-extrabold py-1.5 px-6 text-lg xs:text-xl lg:text-2xl xl:text-3xl text-primary inline-flex items-center space-x-2 xs:space-x-3 lg:space-x-4 xl:space-x-6 hover:text-accent transition-colors\"\n   rel=\"\">\n    <svg xmlns=\"http:\/\/www.w3.org\/2000\/svg\" viewbox=\"0 0 16 16\" class=\"w-6 h-6 xs:w-8 xs:h-8 lg:w-10 lg:h-10 shrink-0\">\n  <g id=\"Group_62\" data-name=\"Group 62\" transform=\"translate(-931.406 1344) rotate(-90)\">\n    <path id=\"Icon_feather-chevron-down\" data-name=\"Icon feather-chevron-down\" d=\"M9,13.5l3.944,3.944L16.887,13.5\" transform=\"translate(1323.229 924.458)\" fill=\"none\" stroke=\"#e41e3d\" stroke-linecap=\"round\" stroke-linejoin=\"round\" stroke-width=\"1\"\/>\n    <g id=\"Ellipse_5\" data-name=\"Ellipse 5\" transform=\"translate(1328 931.406)\" fill=\"none\" stroke=\"#e41e3d\" stroke-width=\"1\">\n      <circle cx=\"8\" cy=\"8\" r=\"8\" stroke=\"none\"\/>\n      <circle cx=\"8\" cy=\"8\" r=\"7.5\" fill=\"none\"\/>\n    <\/g>\n  <\/g>\n<\/svg>\n\n    <span>\n       Data protection information on (online) surveys\n    <\/span>\n  <\/a>\n\t\t\t\t<\/div>\n\t\t\t\t<\/div>\n\t\t\t\t\t<\/div>\n\t\t\t\t<\/div>\n\t\t<div class=\"elementor-element elementor-element-909deda e-flex e-con-boxed e-con e-parent\" data-id=\"909deda\" data-element_type=\"container\" data-e-type=\"container\">\n\t\t\t\t\t<div class=\"e-con-inner\">\n\t\t\t\t<div class=\"elementor-element elementor-element-b20bef3 elementor-widget elementor-widget-wfg-button\" data-id=\"b20bef3\" data-element_type=\"widget\" data-e-type=\"widget\" data-widget_type=\"wfg-button.default\">\n\t\t\t\t<div class=\"elementor-widget-container\">\n\t\t\t\t\t\n\n\n  <a href=\"\/en\/data-protection\/third\/\"\n   aria-label=\"Data protection information for third parties\"\n   class=\"uppercase font-extrabold py-1.5 px-6 text-lg xs:text-xl lg:text-2xl xl:text-3xl text-primary inline-flex items-center space-x-2 xs:space-x-3 lg:space-x-4 xl:space-x-6 hover:text-accent transition-colors\"\n   rel=\"\">\n    <svg xmlns=\"http:\/\/www.w3.org\/2000\/svg\" viewbox=\"0 0 16 16\" class=\"w-6 h-6 xs:w-8 xs:h-8 lg:w-10 lg:h-10 shrink-0\">\n  <g id=\"Group_62\" data-name=\"Group 62\" transform=\"translate(-931.406 1344) rotate(-90)\">\n    <path id=\"Icon_feather-chevron-down\" data-name=\"Icon feather-chevron-down\" d=\"M9,13.5l3.944,3.944L16.887,13.5\" transform=\"translate(1323.229 924.458)\" fill=\"none\" stroke=\"#e41e3d\" stroke-linecap=\"round\" stroke-linejoin=\"round\" stroke-width=\"1\"\/>\n    <g id=\"Ellipse_5\" data-name=\"Ellipse 5\" transform=\"translate(1328 931.406)\" fill=\"none\" stroke=\"#e41e3d\" stroke-width=\"1\">\n      <circle cx=\"8\" cy=\"8\" r=\"8\" stroke=\"none\"\/>\n      <circle cx=\"8\" cy=\"8\" r=\"7.5\" fill=\"none\"\/>\n    <\/g>\n  <\/g>\n<\/svg>\n\n    <span>\n       Data protection information for third parties\n    <\/span>\n  <\/a>\n\t\t\t\t<\/div>\n\t\t\t\t<\/div>\n\t\t\t\t\t<\/div>\n\t\t\t\t<\/div>\n\t\t\t\t<\/div>","protected":false},"excerpt":{"rendered":"<p>Datenschutzinformation Zur besseren \u00dcbersicht haben wir unsere Datenschutzinformation f\u00fcr unterschiedliche Zielgruppen jeweils separiert. So k\u00f6nnen Sie leichter nachvollziehen, wie wir mit Ihren Daten umgehen. Klicken Sie hierzu einfach auf die f\u00fcr Sie zutreffende Information: Datenschutzinformation f\u00fcr Besucher unserer Website Datenschutzinformation f\u00fcr Interessenten, Kunden, Dienstleister und Partner Datenschutzinformation f\u00fcr Besch\u00e4ftigte und Bewerber Datenschutzinformation zu Veranstaltungen Datenschutzinformation [&hellip;]<\/p>\n","protected":false},"author":3,"featured_media":0,"parent":0,"menu_order":0,"comment_status":"closed","ping_status":"closed","template":"","meta":{"_acf_changed":false,"footnotes":""},"class_list":["post-5773","page","type-page","status-publish","hentry"],"acf":[],"yoast_head":"<!-- This site is optimized with the Yoast SEO plugin v27.4 - https:\/\/yoast.com\/product\/yoast-seo-wordpress\/ -->\n<title>Datenschutzinformation<\/title>\n<meta name=\"description\" content=\"Wir gehen transparent mit der Datenerhebung um und stellen im Zuge des Datenschutzes alle n\u00f6tigen Informationen bereit.\" \/>\n<meta name=\"robots\" content=\"index, follow, max-snippet:-1, max-image-preview:large, max-video-preview:-1\" \/>\n<link rel=\"canonical\" href=\"https:\/\/wfg-kassel.de\/en\/data-protection\/\" \/>\n<meta property=\"og:locale\" content=\"en_US\" \/>\n<meta property=\"og:type\" content=\"article\" \/>\n<meta property=\"og:title\" content=\"Datenschutzinformation\" \/>\n<meta property=\"og:description\" content=\"Wir gehen transparent mit der Datenerhebung um und stellen im Zuge des Datenschutzes alle n\u00f6tigen Informationen bereit.\" \/>\n<meta property=\"og:url\" content=\"https:\/\/wfg-kassel.de\/en\/data-protection\/\" \/>\n<meta property=\"og:site_name\" content=\"Wirtschaftsf\u00f6rderung Region Kassel\" \/>\n<meta property=\"article:modified_time\" content=\"2026-04-01T14:38:09+00:00\" \/>\n<meta name=\"twitter:card\" content=\"summary_large_image\" \/>\n<meta name=\"twitter:label1\" content=\"Est. reading time\" \/>\n\t<meta name=\"twitter:data1\" content=\"1 minute\" \/>\n<script type=\"application\/ld+json\" class=\"yoast-schema-graph\">{\"@context\":\"https:\\\/\\\/schema.org\",\"@graph\":[{\"@type\":\"WebPage\",\"@id\":\"https:\\\/\\\/wfg-kassel.de\\\/datenschutz\\\/\",\"url\":\"https:\\\/\\\/wfg-kassel.de\\\/datenschutz\\\/\",\"name\":\"Datenschutzinformation\",\"isPartOf\":{\"@id\":\"https:\\\/\\\/wfg-kassel.de\\\/#website\"},\"datePublished\":\"2024-12-09T09:32:29+00:00\",\"dateModified\":\"2026-04-01T14:38:09+00:00\",\"description\":\"Wir gehen transparent mit der Datenerhebung um und stellen im Zuge des Datenschutzes alle n\u00f6tigen Informationen bereit.\",\"breadcrumb\":{\"@id\":\"https:\\\/\\\/wfg-kassel.de\\\/datenschutz\\\/#breadcrumb\"},\"inLanguage\":\"en-US\",\"potentialAction\":[{\"@type\":\"ReadAction\",\"target\":[\"https:\\\/\\\/wfg-kassel.de\\\/datenschutz\\\/\"]}]},{\"@type\":\"BreadcrumbList\",\"@id\":\"https:\\\/\\\/wfg-kassel.de\\\/datenschutz\\\/#breadcrumb\",\"itemListElement\":[{\"@type\":\"ListItem\",\"position\":1,\"name\":\"Startseite\",\"item\":\"https:\\\/\\\/wfg-kassel.de\\\/\"},{\"@type\":\"ListItem\",\"position\":2,\"name\":\"Datenschutzinformation\"}]},{\"@type\":\"WebSite\",\"@id\":\"https:\\\/\\\/wfg-kassel.de\\\/#website\",\"url\":\"https:\\\/\\\/wfg-kassel.de\\\/\",\"name\":\"Wirtschaftsf\u00f6rderung Region Kassel\",\"description\":\"\",\"publisher\":{\"@id\":\"https:\\\/\\\/wfg-kassel.de\\\/#organization\"},\"potentialAction\":[{\"@type\":\"SearchAction\",\"target\":{\"@type\":\"EntryPoint\",\"urlTemplate\":\"https:\\\/\\\/wfg-kassel.de\\\/?s={search_term_string}\"},\"query-input\":{\"@type\":\"PropertyValueSpecification\",\"valueRequired\":true,\"valueName\":\"search_term_string\"}}],\"inLanguage\":\"en-US\"},{\"@type\":\"Organization\",\"@id\":\"https:\\\/\\\/wfg-kassel.de\\\/#organization\",\"name\":\"Wirtschaftsf\u00f6rderung Region Kassel\",\"url\":\"https:\\\/\\\/wfg-kassel.de\\\/\",\"logo\":{\"@type\":\"ImageObject\",\"inLanguage\":\"en-US\",\"@id\":\"https:\\\/\\\/wfg-kassel.de\\\/#\\\/schema\\\/logo\\\/image\\\/\",\"url\":\"https:\\\/\\\/wfg-kassel.de\\\/wp-content\\\/uploads\\\/2024\\\/02\\\/logo_wfg.svg\",\"contentUrl\":\"https:\\\/\\\/wfg-kassel.de\\\/wp-content\\\/uploads\\\/2024\\\/02\\\/logo_wfg.svg\",\"width\":339,\"height\":90,\"caption\":\"Wirtschaftsf\u00f6rderung Region Kassel\"},\"image\":{\"@id\":\"https:\\\/\\\/wfg-kassel.de\\\/#\\\/schema\\\/logo\\\/image\\\/\"}}]}<\/script>\n<!-- \/ Yoast SEO plugin. -->","yoast_head_json":{"title":"data protection information","description":"We handle data collection transparently and provide all necessary information in the course of data protection.","robots":{"index":"index","follow":"follow","max-snippet":"max-snippet:-1","max-image-preview":"max-image-preview:large","max-video-preview":"max-video-preview:-1"},"canonical":"https:\/\/wfg-kassel.de\/en\/data-protection\/","og_locale":"en_US","og_type":"article","og_title":"Datenschutzinformation","og_description":"Wir gehen transparent mit der Datenerhebung um und stellen im Zuge des Datenschutzes alle n\u00f6tigen Informationen bereit.","og_url":"https:\/\/wfg-kassel.de\/en\/data-protection\/","og_site_name":"Wirtschaftsf\u00f6rderung Region Kassel","article_modified_time":"2026-04-01T14:38:09+00:00","twitter_card":"summary_large_image","twitter_misc":{"Est. reading time":"1 minute"},"schema":{"@context":"https:\/\/schema.org","@graph":[{"@type":"WebPage","@id":"https:\/\/wfg-kassel.de\/datenschutz\/","url":"https:\/\/wfg-kassel.de\/datenschutz\/","name":"data protection information","isPartOf":{"@id":"https:\/\/wfg-kassel.de\/#website"},"datePublished":"2024-12-09T09:32:29+00:00","dateModified":"2026-04-01T14:38:09+00:00","description":"We handle data collection transparently and provide all necessary information in the course of data protection.","breadcrumb":{"@id":"https:\/\/wfg-kassel.de\/datenschutz\/#breadcrumb"},"inLanguage":"en-US","potentialAction":[{"@type":"ReadAction","target":["https:\/\/wfg-kassel.de\/datenschutz\/"]}]},{"@type":"BreadcrumbList","@id":"https:\/\/wfg-kassel.de\/datenschutz\/#breadcrumb","itemListElement":[{"@type":"ListItem","position":1,"name":"Startseite","item":"https:\/\/wfg-kassel.de\/"},{"@type":"ListItem","position":2,"name":"Datenschutzinformation"}]},{"@type":"WebSite","@id":"https:\/\/wfg-kassel.de\/#website","url":"https:\/\/wfg-kassel.de\/","name":"Wirtschaftsf\u00f6rderung Region Kassel","description":"","publisher":{"@id":"https:\/\/wfg-kassel.de\/#organization"},"potentialAction":[{"@type":"SearchAction","target":{"@type":"EntryPoint","urlTemplate":"https:\/\/wfg-kassel.de\/?s={search_term_string}"},"query-input":{"@type":"PropertyValueSpecification","valueRequired":true,"valueName":"search_term_string"}}],"inLanguage":"en-US"},{"@type":"Organization","@id":"https:\/\/wfg-kassel.de\/#organization","name":"Wirtschaftsf\u00f6rderung Region Kassel","url":"https:\/\/wfg-kassel.de\/","logo":{"@type":"ImageObject","inLanguage":"en-US","@id":"https:\/\/wfg-kassel.de\/#\/schema\/logo\/image\/","url":"https:\/\/wfg-kassel.de\/wp-content\/uploads\/2024\/02\/logo_wfg.svg","contentUrl":"https:\/\/wfg-kassel.de\/wp-content\/uploads\/2024\/02\/logo_wfg.svg","width":339,"height":90,"caption":"Wirtschaftsf\u00f6rderung Region Kassel"},"image":{"@id":"https:\/\/wfg-kassel.de\/#\/schema\/logo\/image\/"}}]}},"_links":{"self":[{"href":"https:\/\/wfg-kassel.de\/en\/wp-json\/wp\/v2\/pages\/5773","targetHints":{"allow":["GET"]}}],"collection":[{"href":"https:\/\/wfg-kassel.de\/en\/wp-json\/wp\/v2\/pages"}],"about":[{"href":"https:\/\/wfg-kassel.de\/en\/wp-json\/wp\/v2\/types\/page"}],"author":[{"embeddable":true,"href":"https:\/\/wfg-kassel.de\/en\/wp-json\/wp\/v2\/users\/3"}],"replies":[{"embeddable":true,"href":"https:\/\/wfg-kassel.de\/en\/wp-json\/wp\/v2\/comments?post=5773"}],"version-history":[{"count":5,"href":"https:\/\/wfg-kassel.de\/en\/wp-json\/wp\/v2\/pages\/5773\/revisions"}],"predecessor-version":[{"id":11996,"href":"https:\/\/wfg-kassel.de\/en\/wp-json\/wp\/v2\/pages\/5773\/revisions\/11996"}],"wp:attachment":[{"href":"https:\/\/wfg-kassel.de\/en\/wp-json\/wp\/v2\/media?parent=5773"}],"curies":[{"name":"wp","href":"https:\/\/api.w.org\/{rel}","templated":true}]}}